{"id":2052,"date":"2024-07-03T12:05:45","date_gmt":"2024-07-03T12:05:45","guid":{"rendered":"https:\/\/youmedia.es\/nucaps2024\/?page_id=2052"},"modified":"2026-02-24T10:15:29","modified_gmt":"2026-02-24T10:15:29","slug":"productos-y-soluciones","status":"publish","type":"page","link":"https:\/\/youmedia.es\/nucaps2024\/es\/productos-y-soluciones\/","title":{"rendered":"Productos y soluciones"},"content":{"rendered":"\n<p>Ingredientes funcionales de \u00faltima generaci\u00f3n. Mejora del perfil nutricional y el sabor de los alimentos y suplementos.<\/p>\n\n\n\n<p>NUCAPS ofrece una soluci\u00f3n a problemas t\u00e9cnicos no resueltos en diferentes industrias para la administraci\u00f3n oral de nutrientes y microorganismos; la clave para resolver enfermedades de la dieta que tienen un impacto real en la salud.<\/p>\n\n\n\n<p>Producto en polvo apto para incorporar en:<\/p>\n\n\n\n<div class=\"wp-block-columns is-layout-flex wp-container-core-columns-is-layout-9d6595d7 wp-block-columns-is-layout-flex\">\n<div class=\"wp-block-column is-layout-flow wp-block-column-is-layout-flow\">\n<h2 class=\"wp-block-heading\"><strong>Formatos de dosificaci\u00f3n<\/strong><\/h2>\n\n\n\n<ul class=\"wp-block-list\">\n<li>Comprimidos<\/li>\n\n\n\n<li>Gominolas<\/li>\n\n\n\n<li>Geles<\/li>\n\n\n\n<li>L\u00edquidos<\/li>\n<\/ul>\n<\/div>\n\n\n\n<div class=\"wp-block-column is-layout-flow wp-block-column-is-layout-flow\">\n<h2 class=\"wp-block-heading\"><strong>Matriz de aplicaci\u00f3n<\/strong><\/h2>\n\n\n\n<ul class=\"wp-block-list\">\n<li>Bebidas<\/li>\n\n\n\n<li>L\u00e1cteos<\/li>\n\n\n\n<li>Panader\u00eda<\/li>\n\n\n\n<li>Snacks<\/li>\n\n\n\n<li>Productos de origen vegetal<\/li>\n\n\n\n<li>Listos para consumir<\/li>\n\n\n\n<li>Y cualquier otra matriz que tu proyecto requiera; la desarrollaremos a medida.<\/li>\n<\/ul>\n<\/div>\n<\/div>\n","protected":false},"excerpt":{"rendered":"<p>Ingredientes funcionales de \u00faltima generaci\u00f3n. Mejora del perfil nutricional y el sabor de los alimentos y suplementos. NUCAPS ofrece una soluci\u00f3n a problemas t\u00e9cnicos no resueltos en diferentes industrias para la administraci\u00f3n oral de nutrientes y microorganismos; la clave para resolver enfermedades de la dieta que tienen un impacto real en la salud. Producto en [&hellip;]<\/p>\n","protected":false},"author":1,"featured_media":0,"parent":0,"menu_order":2,"comment_status":"closed","ping_status":"closed","template":"templates\/products.php","meta":{"_acf_changed":false,"inline_featured_image":false,"footnotes":""},"class_list":["post-2052","page","type-page","status-publish","hentry"],"acf":[],"_links":{"self":[{"href":"https:\/\/youmedia.es\/nucaps2024\/es\/wp-json\/wp\/v2\/pages\/2052","targetHints":{"allow":["GET"]}}],"collection":[{"href":"https:\/\/youmedia.es\/nucaps2024\/es\/wp-json\/wp\/v2\/pages"}],"about":[{"href":"https:\/\/youmedia.es\/nucaps2024\/es\/wp-json\/wp\/v2\/types\/page"}],"author":[{"embeddable":true,"href":"https:\/\/youmedia.es\/nucaps2024\/es\/wp-json\/wp\/v2\/users\/1"}],"replies":[{"embeddable":true,"href":"https:\/\/youmedia.es\/nucaps2024\/es\/wp-json\/wp\/v2\/comments?post=2052"}],"version-history":[{"count":8,"href":"https:\/\/youmedia.es\/nucaps2024\/es\/wp-json\/wp\/v2\/pages\/2052\/revisions"}],"predecessor-version":[{"id":3291,"href":"https:\/\/youmedia.es\/nucaps2024\/es\/wp-json\/wp\/v2\/pages\/2052\/revisions\/3291"}],"wp:attachment":[{"href":"https:\/\/youmedia.es\/nucaps2024\/es\/wp-json\/wp\/v2\/media?parent=2052"}],"curies":[{"name":"wp","href":"https:\/\/api.w.org\/{rel}","templated":true}]}}