{"id":2061,"date":"2024-07-03T12:16:21","date_gmt":"2024-07-03T12:16:21","guid":{"rendered":"https:\/\/youmedia.es\/nucaps2024\/?page_id=2061"},"modified":"2026-03-10T08:25:04","modified_gmt":"2026-03-10T08:25:04","slug":"proyectos-i-d","status":"publish","type":"page","link":"https:\/\/youmedia.es\/nucaps2024\/es\/innovacion\/proyectos-i-d\/","title":{"rendered":"Proyectos de I+D"},"content":{"rendered":"\n<p>En NUCAPS llevamos m\u00e1s de 5 a\u00f1os desarrollando y produciendo un nuevo tipo de ingredientes funcionales. A lo largo de todo este tiempo, y gracias a nuestro firme compromiso con la innovaci\u00f3n, hemos logrado estar presentes en m\u00e1s de 21 pa\u00edses de todo el mundo, con 7 familias de patentes internacionales y cerca de 47 proyectos activos de I+D.<\/p>\n\n\n\n<div class=\"wp-block-columns is-layout-flex wp-container-core-columns-is-layout-9d6595d7 wp-block-columns-is-layout-flex\">\n<div class=\"wp-block-column is-layout-flow wp-block-column-is-layout-flow\"><\/div>\n<\/div>\n","protected":false},"excerpt":{"rendered":"<p>En NUCAPS llevamos m\u00e1s de 5 a\u00f1os desarrollando y produciendo un nuevo tipo de ingredientes funcionales. A lo largo de todo este tiempo, y gracias a nuestro firme compromiso con la innovaci\u00f3n, hemos logrado estar presentes en m\u00e1s de 21 pa\u00edses de todo el mundo, con 7 familias de patentes internacionales y cerca de 47 [&hellip;]<\/p>\n","protected":false},"author":1,"featured_media":0,"parent":2055,"menu_order":2,"comment_status":"closed","ping_status":"closed","template":"templates\/innovacion-proyectos.php","meta":{"_acf_changed":false,"inline_featured_image":false,"footnotes":""},"class_list":["post-2061","page","type-page","status-publish","hentry"],"acf":[],"_links":{"self":[{"href":"https:\/\/youmedia.es\/nucaps2024\/es\/wp-json\/wp\/v2\/pages\/2061","targetHints":{"allow":["GET"]}}],"collection":[{"href":"https:\/\/youmedia.es\/nucaps2024\/es\/wp-json\/wp\/v2\/pages"}],"about":[{"href":"https:\/\/youmedia.es\/nucaps2024\/es\/wp-json\/wp\/v2\/types\/page"}],"author":[{"embeddable":true,"href":"https:\/\/youmedia.es\/nucaps2024\/es\/wp-json\/wp\/v2\/users\/1"}],"replies":[{"embeddable":true,"href":"https:\/\/youmedia.es\/nucaps2024\/es\/wp-json\/wp\/v2\/comments?post=2061"}],"version-history":[{"count":30,"href":"https:\/\/youmedia.es\/nucaps2024\/es\/wp-json\/wp\/v2\/pages\/2061\/revisions"}],"predecessor-version":[{"id":3463,"href":"https:\/\/youmedia.es\/nucaps2024\/es\/wp-json\/wp\/v2\/pages\/2061\/revisions\/3463"}],"up":[{"embeddable":true,"href":"https:\/\/youmedia.es\/nucaps2024\/es\/wp-json\/wp\/v2\/pages\/2055"}],"wp:attachment":[{"href":"https:\/\/youmedia.es\/nucaps2024\/es\/wp-json\/wp\/v2\/media?parent=2061"}],"curies":[{"name":"wp","href":"https:\/\/api.w.org\/{rel}","templated":true}]}}