{"id":2067,"date":"2024-07-03T12:19:50","date_gmt":"2024-07-03T12:19:50","guid":{"rendered":"https:\/\/youmedia.es\/nucaps2024\/?page_id=2067"},"modified":"2026-03-18T12:43:03","modified_gmt":"2026-03-18T12:43:03","slug":"sobre-nosotros","status":"publish","type":"page","link":"https:\/\/youmedia.es\/nucaps2024\/es\/sobre-nosotros\/","title":{"rendered":"Sobre nosotros"},"content":{"rendered":"\n<p><strong>NUESTRO PROP\u00d3SITO es mejorar la salud a trav\u00e9s de la nutrici\u00f3n.<\/strong><\/p>\n\n\n\n<p><strong>NUCAPS<\/strong>&nbsp;es una empresa biotecnol\u00f3gica internacional con sede en Navarra, Espa\u00f1a, que desarrolla y produce una nueva generaci\u00f3n de ingredientes funcionales:&nbsp;<strong>bioactivos y probi\u00f3ticos microencapsulados en prote\u00ednas<\/strong>, con funcionalidades mejoradas en t\u00e9rminos de&nbsp;<strong>nutrici\u00f3n, coste y sabor<\/strong>, para lograr un impacto real en la salud humana. Formamos parte de una nueva sociedad y buscamos generar un&nbsp;<strong>impacto social positivo<\/strong>.<\/p>\n\n\n\n<p><strong>NUCAPS<\/strong>&nbsp;mejora la&nbsp;<strong>Nutrici\u00f3n y la Salud<\/strong>&nbsp;de las personas, ayudando a producir&nbsp;<strong>mejores alimentos, suplementos y medicamentos<\/strong>, haciendo que los ingredientes nutricionales sean&nbsp;<strong>estables, f\u00e1ciles de absorber, saludables y naturales<\/strong>.<\/p>\n","protected":false},"excerpt":{"rendered":"<p>NUESTRO PROP\u00d3SITO es mejorar la salud a trav\u00e9s de la nutrici\u00f3n. NUCAPS&nbsp;es una empresa biotecnol\u00f3gica internacional con sede en Navarra, Espa\u00f1a, que desarrolla y produce una nueva generaci\u00f3n de ingredientes funcionales:&nbsp;bioactivos y probi\u00f3ticos microencapsulados en prote\u00ednas, con funcionalidades mejoradas en t\u00e9rminos de&nbsp;nutrici\u00f3n, coste y sabor, para lograr un impacto real en la salud humana. Formamos [&hellip;]<\/p>\n","protected":false},"author":1,"featured_media":0,"parent":0,"menu_order":4,"comment_status":"closed","ping_status":"closed","template":"templates\/sobre-nosotros.php","meta":{"_acf_changed":false,"inline_featured_image":false,"footnotes":""},"class_list":["post-2067","page","type-page","status-publish","hentry"],"acf":[],"_links":{"self":[{"href":"https:\/\/youmedia.es\/nucaps2024\/es\/wp-json\/wp\/v2\/pages\/2067","targetHints":{"allow":["GET"]}}],"collection":[{"href":"https:\/\/youmedia.es\/nucaps2024\/es\/wp-json\/wp\/v2\/pages"}],"about":[{"href":"https:\/\/youmedia.es\/nucaps2024\/es\/wp-json\/wp\/v2\/types\/page"}],"author":[{"embeddable":true,"href":"https:\/\/youmedia.es\/nucaps2024\/es\/wp-json\/wp\/v2\/users\/1"}],"replies":[{"embeddable":true,"href":"https:\/\/youmedia.es\/nucaps2024\/es\/wp-json\/wp\/v2\/comments?post=2067"}],"version-history":[{"count":33,"href":"https:\/\/youmedia.es\/nucaps2024\/es\/wp-json\/wp\/v2\/pages\/2067\/revisions"}],"predecessor-version":[{"id":3614,"href":"https:\/\/youmedia.es\/nucaps2024\/es\/wp-json\/wp\/v2\/pages\/2067\/revisions\/3614"}],"wp:attachment":[{"href":"https:\/\/youmedia.es\/nucaps2024\/es\/wp-json\/wp\/v2\/media?parent=2067"}],"curies":[{"name":"wp","href":"https:\/\/api.w.org\/{rel}","templated":true}]}}