{"id":2073,"date":"2024-07-03T12:22:42","date_gmt":"2024-07-03T12:22:42","guid":{"rendered":"https:\/\/youmedia.es\/nucaps2024\/?page_id=2073"},"modified":"2026-03-18T12:52:33","modified_gmt":"2026-03-18T12:52:33","slug":"contacto","status":"publish","type":"page","link":"https:\/\/youmedia.es\/nucaps2024\/es\/contacto\/","title":{"rendered":"Contacto"},"content":{"rendered":"\n<p>\u00bfNecesita m\u00e1s informaci\u00f3n? Complete el formulario de contacto y nos comunicaremos con usted en los pr\u00f3ximos d\u00edas.<\/p>\n\n\n\n<p><\/p>\n\n\n\n<div class=\"wpcf7 no-js\" id=\"wpcf7-f2168-o1\" lang=\"es-ES\" dir=\"ltr\" data-wpcf7-id=\"2168\">\n<div class=\"screen-reader-response\"><p role=\"status\" aria-live=\"polite\" aria-atomic=\"true\"><\/p> <ul><\/ul><\/div>\n<form action=\"\/nucaps2024\/es\/wp-json\/wp\/v2\/pages\/2073#wpcf7-f2168-o1\" method=\"post\" class=\"wpcf7-form init\" aria-label=\"Formulario de contacto\" novalidate=\"novalidate\" data-status=\"init\">\n<fieldset class=\"hidden-fields-container\"><input type=\"hidden\" name=\"_wpcf7\" value=\"2168\" \/><input type=\"hidden\" name=\"_wpcf7_version\" value=\"6.1.5\" \/><input type=\"hidden\" name=\"_wpcf7_locale\" value=\"es_ES\" \/><input type=\"hidden\" name=\"_wpcf7_unit_tag\" value=\"wpcf7-f2168-o1\" \/><input type=\"hidden\" name=\"_wpcf7_container_post\" value=\"0\" \/><input type=\"hidden\" name=\"_wpcf7_posted_data_hash\" value=\"\" \/><input type=\"hidden\" name=\"_wpcf7_recaptcha_response\" value=\"\" \/>\n<\/fieldset>\n<p><label>Nombre<br \/>\n<span class=\"wpcf7-form-control-wrap\" data-name=\"your-name\"><input size=\"40\" maxlength=\"400\" class=\"wpcf7-form-control wpcf7-text wpcf7-validates-as-required\" aria-required=\"true\" aria-invalid=\"false\" placeholder=\"\" value=\"\" type=\"text\" name=\"your-name\" \/><\/span> <\/label>\n<\/p>\n<p><label>Apellido<br \/>\n<span class=\"wpcf7-form-control-wrap\" data-name=\"your-apellido\"><input size=\"40\" maxlength=\"400\" class=\"wpcf7-form-control wpcf7-text wpcf7-validates-as-required\" aria-required=\"true\" aria-invalid=\"false\" placeholder=\"\" value=\"\" type=\"text\" name=\"your-apellido\" \/><\/span> <\/label>\n<\/p>\n<p><label>Tel\u00e9fono<br \/>\n<span class=\"wpcf7-form-control-wrap\" data-name=\"your-phone\"><input size=\"40\" maxlength=\"400\" class=\"wpcf7-form-control wpcf7-text\" aria-invalid=\"false\" placeholder=\"\" value=\"\" type=\"text\" name=\"your-phone\" \/><\/span> <\/label>\n<\/p>\n<p><label>E-mail<br \/>\n<span class=\"wpcf7-form-control-wrap\" data-name=\"your-email\"><input size=\"40\" maxlength=\"400\" class=\"wpcf7-form-control wpcf7-email wpcf7-validates-as-required wpcf7-text wpcf7-validates-as-email\" aria-required=\"true\" aria-invalid=\"false\" placeholder=\"\" value=\"\" type=\"email\" name=\"your-email\" \/><\/span> <\/label>\n<\/p>\n<p><label style=\"width:100%;float:left;margin-top:1em;\">\u00bfEn qu\u00e9 podemos ayudarte?:<br \/>\n<span class=\"wpcf7-form-control-wrap\" data-name=\"opciones\"><select class=\"wpcf7-form-control wpcf7-select\" aria-invalid=\"false\" name=\"opciones\"><option value=\"Producto\">Producto<\/option><option value=\"Servicioe\">Servicioe<\/option><option value=\"Reclutamiento\">Reclutamiento<\/option><\/select><\/span><br \/>\n<\/label>\n<\/p>\n<p><label>Mensaje<br \/>\n<span class=\"wpcf7-form-control-wrap\" data-name=\"your-message\"><textarea cols=\"40\" rows=\"10\" maxlength=\"2000\" class=\"wpcf7-form-control wpcf7-textarea\" aria-invalid=\"false\" placeholder=\"\" name=\"your-message\"><\/textarea><\/span> <\/label>\n<\/p>\n<p><label><br \/>\n<span class=\"wpcf7-form-control-wrap\" data-name=\"termino\"><span class=\"wpcf7-form-control wpcf7-acceptance\"><span class=\"wpcf7-list-item\"><input type=\"checkbox\" name=\"termino\" value=\"1\" aria-invalid=\"false\" \/><\/span><\/span><\/span> <span style=\"text-transform:initial\">Acepto <a href=\"https:\/\/youmedia.es\/nucaps2024\/es\/politica-privacidad\/\" target=\"_blank\">la pol\u00edtica de privacidad<\/a>.<\/span><\/label>\n<\/p>\n<p><input class=\"wpcf7-form-control wpcf7-submit has-spinner\" type=\"submit\" value=\"ENV\u00cdAR\" \/>\n<\/p><div class=\"wpcf7-response-output\" aria-hidden=\"true\"><\/div>\n<\/form>\n<\/div>\n\n","protected":false},"excerpt":{"rendered":"<p>\u00bfNecesita m\u00e1s informaci\u00f3n? Complete el formulario de contacto y nos comunicaremos con usted en los pr\u00f3ximos d\u00edas.<\/p>\n","protected":false},"author":1,"featured_media":0,"parent":0,"menu_order":6,"comment_status":"closed","ping_status":"closed","template":"templates\/contacto.php","meta":{"_acf_changed":false,"inline_featured_image":false,"footnotes":""},"class_list":["post-2073","page","type-page","status-publish","hentry"],"acf":[],"_links":{"self":[{"href":"https:\/\/youmedia.es\/nucaps2024\/es\/wp-json\/wp\/v2\/pages\/2073","targetHints":{"allow":["GET"]}}],"collection":[{"href":"https:\/\/youmedia.es\/nucaps2024\/es\/wp-json\/wp\/v2\/pages"}],"about":[{"href":"https:\/\/youmedia.es\/nucaps2024\/es\/wp-json\/wp\/v2\/types\/page"}],"author":[{"embeddable":true,"href":"https:\/\/youmedia.es\/nucaps2024\/es\/wp-json\/wp\/v2\/users\/1"}],"replies":[{"embeddable":true,"href":"https:\/\/youmedia.es\/nucaps2024\/es\/wp-json\/wp\/v2\/comments?post=2073"}],"version-history":[{"count":11,"href":"https:\/\/youmedia.es\/nucaps2024\/es\/wp-json\/wp\/v2\/pages\/2073\/revisions"}],"predecessor-version":[{"id":3618,"href":"https:\/\/youmedia.es\/nucaps2024\/es\/wp-json\/wp\/v2\/pages\/2073\/revisions\/3618"}],"wp:attachment":[{"href":"https:\/\/youmedia.es\/nucaps2024\/es\/wp-json\/wp\/v2\/media?parent=2073"}],"curies":[{"name":"wp","href":"https:\/\/api.w.org\/{rel}","templated":true}]}}