{"id":2552,"date":"2026-01-30T10:56:10","date_gmt":"2026-01-30T10:56:10","guid":{"rendered":"https:\/\/youmedia.es\/nucaps2024\/applications\/human-nutrition\/"},"modified":"2026-03-18T12:24:15","modified_gmt":"2026-03-18T12:24:15","slug":"nutricion-humana","status":"publish","type":"page","link":"https:\/\/youmedia.es\/nucaps2024\/es\/aplicaciones\/nutricion-humana\/","title":{"rendered":"Nutrici\u00f3n humana"},"content":{"rendered":"\n<h2 class=\"wp-block-heading\">Cada industria tiene desafios \u00fanicos.<br>Nuestras\u00a0microc\u00e1psulas de prote\u00edna <strong>PowerCaps3<\/strong><br>permiten la incorporaci\u00f3n de nutrientes y compuestos<br>activos de manera estable, con etiquetado limpio<br>y costes competitivos.<\/h2>\n","protected":false},"excerpt":{"rendered":"<p>Cada industria tiene desafios \u00fanicos.Nuestras\u00a0microc\u00e1psulas de prote\u00edna PowerCaps3permiten la incorporaci\u00f3n de nutrientes y compuestosactivos de manera estable, con etiquetado limpioy costes competitivos.<\/p>\n","protected":false},"author":1,"featured_media":0,"parent":2547,"menu_order":2,"comment_status":"closed","ping_status":"closed","template":"templates\/aplicaciones.php","meta":{"_acf_changed":false,"inline_featured_image":false,"footnotes":""},"class_list":["post-2552","page","type-page","status-publish","hentry"],"acf":[],"_links":{"self":[{"href":"https:\/\/youmedia.es\/nucaps2024\/es\/wp-json\/wp\/v2\/pages\/2552","targetHints":{"allow":["GET"]}}],"collection":[{"href":"https:\/\/youmedia.es\/nucaps2024\/es\/wp-json\/wp\/v2\/pages"}],"about":[{"href":"https:\/\/youmedia.es\/nucaps2024\/es\/wp-json\/wp\/v2\/types\/page"}],"author":[{"embeddable":true,"href":"https:\/\/youmedia.es\/nucaps2024\/es\/wp-json\/wp\/v2\/users\/1"}],"replies":[{"embeddable":true,"href":"https:\/\/youmedia.es\/nucaps2024\/es\/wp-json\/wp\/v2\/comments?post=2552"}],"version-history":[{"count":6,"href":"https:\/\/youmedia.es\/nucaps2024\/es\/wp-json\/wp\/v2\/pages\/2552\/revisions"}],"predecessor-version":[{"id":3596,"href":"https:\/\/youmedia.es\/nucaps2024\/es\/wp-json\/wp\/v2\/pages\/2552\/revisions\/3596"}],"up":[{"embeddable":true,"href":"https:\/\/youmedia.es\/nucaps2024\/es\/wp-json\/wp\/v2\/pages\/2547"}],"wp:attachment":[{"href":"https:\/\/youmedia.es\/nucaps2024\/es\/wp-json\/wp\/v2\/media?parent=2552"}],"curies":[{"name":"wp","href":"https:\/\/api.w.org\/{rel}","templated":true}]}}