{"id":208,"date":"2017-10-09T06:21:21","date_gmt":"2017-10-09T06:21:21","guid":{"rendered":"https:\/\/youmedia.es\/nucaps2024\/cookies\/"},"modified":"2024-07-03T11:18:20","modified_gmt":"2024-07-03T11:18:20","slug":"cookies","status":"publish","type":"page","link":"https:\/\/youmedia.es\/nucaps2024\/cookies\/","title":{"rendered":"Cookie Policy"},"content":{"rendered":"<p>En cumplimiento de la Ley 34\/2002, de Servicios de la Sociedad de la Informaci\u00f3n y de Comercio Electr\u00f3nico, as\u00ed como del resto de normas que regulan el comercio electr\u00f3nico, le informamos de que la pagina web www.nucapsnanotechnology.com es propiedad de la sociedad mercantil Nucaps Nanotechnology S.L.<\/p>\n<p>Nucaps Nanotechnology S.L, en lo sucesivo Nucaps, tiene su domicilio social en Pol\u00edgono Industrial de Mutilva Baja, Calle V. 26, 31192 Mutilva-Navarra, y su CIF es B 71 324503. La Sociedad est\u00e1 inscrita en el Registro Mercantil de Navarra.<\/p>\n<p>&nbsp;<\/p>\n<h2>Cookies<\/h2>\n<p>Una Cookie es un fichero que se descarga en su ordenador al acceder a determinadas p\u00e1ginas web. Las cookies permiten a una p\u00e1gina web, entre otras cosas, almacenar y recuperar informaci\u00f3n sobre los h\u00e1bitos de navegaci\u00f3n de un usuario o de su equipo y, dependiendo de la informaci\u00f3n que contenga y de la forma en que utilice su equipo, pueden utilizarse para reconocer al usuario.<\/p>\n<p>Las cookies son esenciales para el funcionamiento de internet, aportando innumerables ventajas en la prestaci\u00f3n de servicios interactivos, facilit\u00e1ndole la navegaci\u00f3n y usabilidad de nuestra web<\/p>\n<p>La informaci\u00f3n que le proporcionamos a continuaci\u00f3n, le ayudar\u00e1 a comprender los diferentes tipos de cookies:<\/p>\n<table border=\"1\" width=\"100%\" cellspacing=\"0\" cellpadding=\"0\">\n<thead>\n<tr>\n<th colspan=\"3\" valign=\"top\" width=\"100%\">TIPOS DE COOKIES<\/th>\n<\/tr>\n<\/thead>\n<tbody>\n<tr>\n<td rowspan=\"2\" width=\"30%\">SEG\u00daN LA ENTIDAD QUE LAS GESTIONE<\/td>\n<td width=\"129\">Cookies propias<\/td>\n<td valign=\"top\" width=\"40%\">Son aquellas que se recaban por el propio editor para prestar el servicio solicitado por el usuario.<\/td>\n<\/tr>\n<tr>\n<td width=\"129\">Cookies de tercero<\/td>\n<td valign=\"top\" width=\"40%\">Son aquellas que son recabadas y gestionadas por un tercero, estas no se pueden considerar propias.<\/td>\n<\/tr>\n<tr>\n<td rowspan=\"2\" width=\"30%\">SEG\u00daN EL PLAZO DE TIEMPO QUE PERMANEZCAN ACTIVADAS<\/td>\n<td width=\"129\">Cookies de sesi\u00f3n<\/td>\n<td valign=\"top\" width=\"40%\">Recaban datos mientras el usuario navega por la red con la finalidad de prestar el servicio solicitado.<\/td>\n<\/tr>\n<tr>\n<td width=\"129\">Cookies persistentes<\/td>\n<td valign=\"top\" width=\"40%\">Se almacenan en el terminal y la informaci\u00f3n obtenida, ser\u00e1 utilizada por el responsable de la cookie con la finalidad de prestar el servicio solicitado.<\/td>\n<\/tr>\n<tr>\n<td rowspan=\"5\" width=\"139\">SEG\u00daN SU FINALIDAD<\/td>\n<td width=\"129\">Cookies t\u00e9cnicas<\/td>\n<td valign=\"top\" width=\"40%\">Son las necesarias para la correcta navegaci\u00f3n por la web.<\/td>\n<\/tr>\n<tr>\n<td width=\"129\">Cookies de personalizaci\u00f3n<\/td>\n<td valign=\"top\" width=\"40%\">Permiten al usuario las caracter\u00edsticas (idioma) para la navegaci\u00f3n por la website<\/td>\n<\/tr>\n<tr>\n<td width=\"129\">Cookies de an\u00e1lisis<\/td>\n<td valign=\"top\" width=\"40%\">Permiten al prestador el an\u00e1lisis vinculado a la navegaci\u00f3n realizada por el usuario, con la finalidad de llevar un seguimiento de uso de la p\u00e1gina web as\u00ed como realizar estad\u00edsticas de los contenidos m\u00e1s visitados, n\u00famero de visitantes, etc.<\/td>\n<\/tr>\n<tr>\n<td width=\"129\">Cookies publicitarias<\/td>\n<td valign=\"top\" width=\"40%\">Permiten al editor incluir en la web espacios publicitarios, seg\u00fan el contenido de la propia web.<\/td>\n<\/tr>\n<tr>\n<td width=\"129\">Cookies de publicidad comportamental<\/td>\n<td valign=\"top\" width=\"40%\">Permiten al editor incluir en la p\u00e1gina web espacios publicitarios seg\u00fan la informaci\u00f3n obtenida a trav\u00e9s de los h\u00e1bitos de navegaci\u00f3n del usuario.<\/td>\n<\/tr>\n<\/tbody>\n<\/table>\n<p>Seg\u00fan lo dispuesto en el art\u00edculo 22.2 de la Ley 34\/2002, de 11 de julio, de Servicios de la Sociedad de la Informaci\u00f3n y de Comercio Electr\u00f3nico (LSSI-CE), NUCAPS informa de las cookies utilizadas en nuestra website:<\/p>\n<table border=\"1\" width=\"100%\" cellspacing=\"0\" cellpadding=\"0\">\n<thead>\n<tr>\n<th colspan=\"2\"><\/th>\n<th colspan=\"4\" valign=\"top\" width=\"340\">TIPOS DE COOKIES<\/th>\n<\/tr>\n<\/thead>\n<tbody>\n<tr>\n<td valign=\"top\" width=\"25\"><\/td>\n<td valign=\"top\" width=\"122\"><\/td>\n<td valign=\"top\" width=\"78\">Cookies propias<\/td>\n<td valign=\"top\" width=\"92\">Cookies de tercero<\/td>\n<td valign=\"top\" width=\"78\">Cookies de sesi\u00f3n<\/td>\n<td valign=\"top\" width=\"92\">Cookies persistentes<\/td>\n<\/tr>\n<tr>\n<td rowspan=\"5\" valign=\"top\" width=\"25\"><strong>FINALIDAD <\/strong><\/td>\n<td width=\"122\">Cookies t\u00e9cnicas<\/td>\n<td valign=\"top\" width=\"78\">X<\/td>\n<td valign=\"top\" width=\"92\"><\/td>\n<td valign=\"top\" width=\"78\"><\/td>\n<td valign=\"top\" width=\"92\"><\/td>\n<\/tr>\n<tr>\n<td width=\"122\">Cookies de personalizaci\u00f3n<\/td>\n<td valign=\"top\" width=\"78\"><\/td>\n<td valign=\"top\" width=\"92\"><\/td>\n<td valign=\"top\" width=\"78\"><\/td>\n<td valign=\"top\" width=\"92\"><\/td>\n<\/tr>\n<tr>\n<td width=\"122\">Cookies de an\u00e1lisis<\/td>\n<td valign=\"top\" width=\"78\"><\/td>\n<td valign=\"top\" width=\"92\">X<\/td>\n<td valign=\"top\" width=\"78\"><\/td>\n<td valign=\"top\" width=\"92\"><\/td>\n<\/tr>\n<tr>\n<td width=\"122\">Cookies de publicidad comportamental<\/td>\n<td valign=\"top\" width=\"78\"><\/td>\n<td valign=\"top\" width=\"92\"><\/td>\n<td valign=\"top\" width=\"78\"><\/td>\n<td valign=\"top\" width=\"92\"><\/td>\n<\/tr>\n<\/tbody>\n<\/table>\n<p>&nbsp;<\/p>\n<p>NUCAPS usa cookies propias (t\u00e9cnicas) necesarias para la navegaci\u00f3n por su sitio web.<\/p>\n<p>Adem\u00e1s usa Cookies de terceros:<\/p>\n<ul>\n<li>Para anal\u00edtica del comportamiento de navegaci\u00f3n de su sitio web por parte de los usuarios (obteniendo datos del tipo: n\u00famero de visitantes, tiempo de las visitas, p\u00e1ginas vistas, palabras clave usadas para encontrar el sitio, etc\u2026) en ning\u00fan caso se obtiene ning\u00fan tipo de dato personal de los usuarios.\u00b7<\/li>\n<li>Tambi\u00e9n usa cookies de Youtube para mostrar v\u00eddeos de sus productos y servicios desde esta plataforma. Obteniendo datos estad\u00edsticos de visualizaci\u00f3n de los v\u00eddeos proporcionados. Sin obtenci\u00f3n de datos personales de los usuarios.<\/li>\n<\/ul>\n<p>Las cookies de an\u00e1lisis de esta p\u00e1gina son proporcionadas por el servicio Google Analytics propiedad de Google Inc.<\/p>\n<ul>\n<li><a href=\"https:\/\/developers.google.com\/analytics\/devguides\/collection\/analyticsjs\/cookie-usage\">https:\/\/developers.google.com\/analytics\/devguides\/collection\/analyticsjs\/cookie-usage<\/a><\/li>\n<\/ul>\n<p>Las cookies de YouTube de esta p\u00e1gina son proporcionadas por Google Inc.<\/p>\n<ul>\n<li><a href=\"http:\/\/www.google.es\/intl\/es\/policies\/privacy\/\">http:\/\/www.google.es\/intl\/es\/policies\/privacy\/<\/a><\/li>\n<\/ul>\n<p>Asimismo, NUCAPS informa al usuario de que tiene la posibilidad de configurar su navegador de modo que se le informe de la recepci\u00f3n de cookies, pudiendo, si as\u00ed lo desea, impedir que sean instaladas en su disco duro.<\/p>\n<p>A continuaci\u00f3n le proporcionamos los enlaces de diversos navegadores, a trav\u00e9s de los cuales podr\u00e1 realizar dicha configuraci\u00f3n:<\/p>\n<ul>\n<li><strong>Firefox desde aqu\u00ed:<\/strong> <a href=\"http:\/\/support.mozilla.org\/es\/kb\/habilitar-y-deshabilitar-cookies-que-los-sitios-we\">http:\/\/support.mozilla.org\/es\/kb\/habilitar-y-deshabilitar-cookies-que-los-sitios-we<\/a><\/li>\n<li><strong>Chrome desde aqu\u00ed:<\/strong> <a href=\"http:\/\/support.google.com\/chrome\/bin\/answer.py?hl=es&amp;answer=95647\">http:\/\/support.google.com\/chrome\/bin\/answer.py?hl=es&amp;answer=95647<\/a><\/li>\n<li><strong>Explorer desde aqu\u00ed:<\/strong> <a href=\"http:\/\/windows.microsoft.com\/es-es\/windows7\/how-to-manage-cookies-in-internet-explorer-9\">http:\/\/windows.microsoft.com\/es-es\/windows7\/how-to-manage-cookies-in-internet-explorer-9<\/a><\/li>\n<li><strong>Safari desde aqu\u00ed: <\/strong><a href=\"http:\/\/support.apple.com\/kb\/ph5042\">http:\/\/support.apple.com\/kb\/ph5042<\/a><\/li>\n<li><strong>Opera desde aqu\u00ed:<\/strong><a href=\"http:\/\/help.opera.com\/Windows\/11.50\/es-ES\/cookies.html\">http:\/\/help.opera.com\/Windows\/11.50\/es-ES\/cookies.html<\/a><\/li>\n<\/ul>\n","protected":false},"excerpt":{"rendered":"<p>En cumplimiento de la Ley 34\/2002, de Servicios de la Sociedad de la Informaci\u00f3n y de Comercio Electr\u00f3nico, as\u00ed como del resto de normas que regulan el comercio electr\u00f3nico, le informamos de que la pagina web www.nucapsnanotechnology.com es propiedad de la sociedad mercantil Nucaps Nanotechnology S.L.<\/p>\n<p>Nucaps Nanotechnology S.L, en lo sucesivo Nucaps, tiene su domicilio social en Pol\u00edgono Industrial de Mutilva Baja, Calle V. 26, 31192 Mutilva-Navarra, y su CIF es B 71 324503. La Sociedad est\u00e1 inscrita en el Registro Mercantil de Navarra.<\/p>\n<p>&nbsp;<\/p>\n<h2>Cookies<\/h2>\n<p>Una Cookie es un fichero que se descarga en su ordenador al acceder a determinadas p\u00e1ginas web. Las cookies permiten a una p\u00e1gina web, entre otras cosas, almacenar y recuperar informaci\u00f3n sobre los h\u00e1bitos de navegaci\u00f3n de un usuario o de su equipo y, dependiendo de la informaci\u00f3n que contenga y de la forma en que utilice su equipo, pueden utilizarse para reconocer al usuario.<\/p>\n<p>Las cookies son esenciales para el funcionamiento de internet, aportando innumerables ventajas en la prestaci\u00f3n de servicios interactivos, facilit\u00e1ndole la navegaci\u00f3n y usabilidad de nuestra web<\/p>\n<p>La informaci\u00f3n que le proporcionamos a continuaci\u00f3n, le ayudar\u00e1 a comprender los diferentes tipos de cookies:<\/p>\n<table border=\"1\" width=\"100%\" cellspacing=\"0\" cellpadding=\"0\">\n<thead>\n<tr>\n<th colspan=\"3\" valign=\"top\" width=\"100%\">TIPOS DE COOKIES<\/th>\n<\/tr>\n<\/thead>\n<tbody>\n<tr>\n<td rowspan=\"2\" width=\"30%\">SEG\u00daN LA ENTIDAD QUE LAS GESTIONE<\/td>\n<td width=\"129\">Cookies propias<\/td>\n<td valign=\"top\" width=\"40%\">Son aquellas que se recaban por el propio editor para prestar el servicio solicitado por el usuario.<\/td>\n<\/tr>\n<tr>\n<td width=\"129\">Cookies de tercero<\/td>\n<td valign=\"top\" width=\"40%\">Son aquellas que son recabadas y gestionadas por un tercero, estas no se pueden considerar propias.<\/td>\n<\/tr>\n<tr>\n<td rowspan=\"2\" width=\"30%\">SEG\u00daN EL PLAZO DE TIEMPO QUE PERMANEZCAN ACTIVADAS<\/td>\n<td width=\"129\">Cookies de sesi\u00f3n<\/td>\n<td valign=\"top\" width=\"40%\">Recaban datos mientras el usuario navega por la red con la finalidad de prestar el servicio solicitado.<\/td>\n<\/tr>\n<tr>\n<td width=\"129\">Cookies persistentes<\/td>\n<td valign=\"top\" width=\"40%\">Se almacenan en el terminal y la informaci\u00f3n obtenida, ser\u00e1 utilizada por el responsable de la cookie con la finalidad de prestar el servicio solicitado.<\/td>\n<\/tr>\n<tr>\n<td rowspan=\"5\" width=\"139\">SEG\u00daN SU FINALIDAD<\/td>\n<td width=\"129\">Cookies t\u00e9cnicas<\/td>\n<td valign=\"top\" width=\"40%\">Son las necesarias para la correcta navegaci\u00f3n por la web.<\/td>\n<\/tr>\n<tr>\n<td width=\"129\">Cookies de personalizaci\u00f3n<\/td>\n<td valign=\"top\" width=\"40%\">Permiten al usuario las caracter\u00edsticas (idioma) para la navegaci\u00f3n por la website<\/td>\n<\/tr>\n<tr>\n<td width=\"129\">Cookies de an\u00e1lisis<\/td>\n<td valign=\"top\" width=\"40%\">Permiten al prestador el an\u00e1lisis vinculado a la navegaci\u00f3n realizada por el usuario, con la finalidad de llevar un seguimiento de uso de la p\u00e1gina web as\u00ed como realizar estad\u00edsticas de los contenidos m\u00e1s visitados, n\u00famero de visitantes, etc.<\/td>\n<\/tr>\n<tr>\n<td width=\"129\">Cookies publicitarias<\/td>\n<td valign=\"top\" width=\"40%\">Permiten al editor incluir en la web espacios publicitarios, seg\u00fan el contenido de la propia web.<\/td>\n<\/tr>\n<tr>\n<td width=\"129\">Cookies de publicidad comportamental<\/td>\n<td valign=\"top\" width=\"40%\">Permiten al editor incluir en la p\u00e1gina web espacios publicitarios seg\u00fan la informaci\u00f3n obtenida a trav\u00e9s de los h\u00e1bitos de navegaci\u00f3n del usuario.<\/td>\n<\/tr>\n<\/tbody>\n<\/table>\n<p>Seg\u00fan lo dispuesto en el art\u00edculo 22.2 de la Ley 34\/2002, de 11 de julio, de Servicios de la Sociedad de la Informaci\u00f3n y de Comercio Electr\u00f3nico (LSSI-CE), NUCAPS informa de las cookies utilizadas en nuestra website:<\/p>\n<table border=\"1\" width=\"100%\" cellspacing=\"0\" cellpadding=\"0\">\n<thead>\n<tr>\n<th colspan=\"2\"><\/th>\n<th colspan=\"4\" valign=\"top\" width=\"340\">TIPOS DE COOKIES<\/th>\n<\/tr>\n<\/thead>\n<tbody>\n<tr>\n<td valign=\"top\" width=\"25\"><\/td>\n<td valign=\"top\" width=\"122\"><\/td>\n<td valign=\"top\" width=\"78\">Cookies propias<\/td>\n<td valign=\"top\" width=\"92\">Cookies de tercero<\/td>\n<td valign=\"top\" width=\"78\">Cookies de sesi\u00f3n<\/td>\n<td valign=\"top\" width=\"92\">Cookies persistentes<\/td>\n<\/tr>\n<tr>\n<td rowspan=\"5\" valign=\"top\" width=\"25\"><strong>FINALIDAD <\/strong><\/td>\n<td width=\"122\">Cookies t\u00e9cnicas<\/td>\n<td valign=\"top\" width=\"78\">X<\/td>\n<td valign=\"top\" width=\"92\"><\/td>\n<td valign=\"top\" width=\"78\"><\/td>\n<td valign=\"top\" width=\"92\"><\/td>\n<\/tr>\n<tr>\n<td width=\"122\">Cookies de personalizaci\u00f3n<\/td>\n<td valign=\"top\" width=\"78\"><\/td>\n<td valign=\"top\" width=\"92\"><\/td>\n<td valign=\"top\" width=\"78\"><\/td>\n<td valign=\"top\" width=\"92\"><\/td>\n<\/tr>\n<tr>\n<td width=\"122\">Cookies de an\u00e1lisis<\/td>\n<td valign=\"top\" width=\"78\"><\/td>\n<td valign=\"top\" width=\"92\">X<\/td>\n<td valign=\"top\" width=\"78\"><\/td>\n<td valign=\"top\" width=\"92\"><\/td>\n<\/tr>\n<tr>\n<td width=\"122\">Cookies de publicidad comportamental<\/td>\n<td valign=\"top\" width=\"78\"><\/td>\n<td valign=\"top\" width=\"92\"><\/td>\n<td valign=\"top\" width=\"78\"><\/td>\n<td valign=\"top\" width=\"92\"><\/td>\n<\/tr>\n<\/tbody>\n<\/table>\n<p>&nbsp;<\/p>\n<p>NUCAPS usa cookies propias (t\u00e9cnicas) necesarias para la navegaci\u00f3n por su sitio web.<\/p>\n<p>Adem\u00e1s usa Cookies de terceros:<\/p>\n<ul>\n<li>Para anal\u00edtica del comportamiento de navegaci\u00f3n de su sitio web por parte de los usuarios (obteniendo datos del tipo: n\u00famero de visitantes, tiempo de las visitas, p\u00e1ginas vistas, palabras clave usadas para encontrar el sitio, etc\u2026) en ning\u00fan caso se obtiene ning\u00fan tipo de dato personal de los usuarios.\u00b7<\/li>\n<li>Tambi\u00e9n usa cookies de Youtube para mostrar v\u00eddeos de sus productos y servicios desde esta plataforma. Obteniendo datos estad\u00edsticos de visualizaci\u00f3n de los v\u00eddeos proporcionados. Sin obtenci\u00f3n de datos personales de los usuarios.<\/li>\n<\/ul>\n<p>Las cookies de an\u00e1lisis de esta p\u00e1gina son proporcionadas por el servicio Google Analytics propiedad de Google Inc.<\/p>\n<ul>\n<li><a href=\"https:\/\/developers.google.com\/analytics\/devguides\/collection\/analyticsjs\/cookie-usage\">https:\/\/developers.google.com\/analytics\/devguides\/collection\/analyticsjs\/cookie-usage<\/a><\/li>\n<\/ul>\n<p>Las cookies de YouTube de esta p\u00e1gina son proporcionadas por Google Inc.<\/p>\n<ul>\n<li><a href=\"http:\/\/www.google.es\/intl\/es\/policies\/privacy\/\">http:\/\/www.google.es\/intl\/es\/policies\/privacy\/<\/a><\/li>\n<\/ul>\n<p>Asimismo, NUCAPS informa al usuario de que tiene la posibilidad de configurar su navegador de modo que se le informe de la recepci\u00f3n de cookies, pudiendo, si as\u00ed lo desea, impedir que sean instaladas en su disco duro.<\/p>\n<p>A continuaci\u00f3n le proporcionamos los enlaces de diversos navegadores, a trav\u00e9s de los cuales podr\u00e1 realizar dicha configuraci\u00f3n:<\/p>\n<ul>\n<li><strong>Firefox desde aqu\u00ed:<\/strong> <a href=\"http:\/\/support.mozilla.org\/es\/kb\/habilitar-y-deshabilitar-cookies-que-los-sitios-we\">http:\/\/support.mozilla.org\/es\/kb\/habilitar-y-deshabilitar-cookies-que-los-sitios-we<\/a><\/li>\n<li><strong>Chrome desde aqu\u00ed:<\/strong> <a href=\"http:\/\/support.google.com\/chrome\/bin\/answer.py?hl=es&amp;answer=95647\">http:\/\/support.google.com\/chrome\/bin\/answer.py?hl=es&amp;answer=95647<\/a><\/li>\n<li><strong>Explorer desde aqu\u00ed:<\/strong> <a href=\"http:\/\/windows.microsoft.com\/es-es\/windows7\/how-to-manage-cookies-in-internet-explorer-9\">http:\/\/windows.microsoft.com\/es-es\/windows7\/how-to-manage-cookies-in-internet-explorer-9<\/a><\/li>\n<li><strong>Safari desde aqu\u00ed: <\/strong><a href=\"http:\/\/support.apple.com\/kb\/ph5042\">http:\/\/support.apple.com\/kb\/ph5042<\/a><\/li>\n<li><strong>Opera desde aqu\u00ed:<\/strong><a href=\"http:\/\/help.opera.com\/Windows\/11.50\/es-ES\/cookies.html\">http:\/\/help.opera.com\/Windows\/11.50\/es-ES\/cookies.html<\/a><\/li>\n<\/ul>\n","protected":false},"author":1,"featured_media":0,"parent":0,"menu_order":8,"comment_status":"closed","ping_status":"closed","template":"","meta":{"_acf_changed":false,"inline_featured_image":false,"footnotes":""},"class_list":["post-208","page","type-page","status-publish","hentry"],"acf":[],"_links":{"self":[{"href":"https:\/\/youmedia.es\/nucaps2024\/wp-json\/wp\/v2\/pages\/208","targetHints":{"allow":["GET"]}}],"collection":[{"href":"https:\/\/youmedia.es\/nucaps2024\/wp-json\/wp\/v2\/pages"}],"about":[{"href":"https:\/\/youmedia.es\/nucaps2024\/wp-json\/wp\/v2\/types\/page"}],"author":[{"embeddable":true,"href":"https:\/\/youmedia.es\/nucaps2024\/wp-json\/wp\/v2\/users\/1"}],"replies":[{"embeddable":true,"href":"https:\/\/youmedia.es\/nucaps2024\/wp-json\/wp\/v2\/comments?post=208"}],"version-history":[{"count":1,"href":"https:\/\/youmedia.es\/nucaps2024\/wp-json\/wp\/v2\/pages\/208\/revisions"}],"predecessor-version":[{"id":1253,"href":"https:\/\/youmedia.es\/nucaps2024\/wp-json\/wp\/v2\/pages\/208\/revisions\/1253"}],"wp:attachment":[{"href":"https:\/\/youmedia.es\/nucaps2024\/wp-json\/wp\/v2\/media?parent=208"}],"curies":[{"name":"wp","href":"https:\/\/api.w.org\/{rel}","templated":true}]}}